{"id":1780,"date":"2020-11-05T13:58:02","date_gmt":"2020-11-05T12:58:02","guid":{"rendered":"https:\/\/blockchain-x.eu\/?page_id=1780"},"modified":"2021-06-16T12:31:50","modified_gmt":"2021-06-16T10:31:50","slug":"experiences-2","status":"publish","type":"page","link":"https:\/\/theblockchainforgood.org\/index.php\/experiences-2\/","title":{"rendered":"Exp\u00e9riences"},"content":{"rendered":"<div id=\"tdi_1\" class=\"tdc-zone\"><div class=\"tdc_zone tdi_2  wpb_row td-pb-row\"  >\n<style scoped>\n\/* custom css - generated by TagDiv Composer *\/\n\n\/* custom css - generated by TagDiv Composer *\/\n.tdi_2{\r\n                    min-height: 0;\r\n                }\n<\/style><div id=\"tdi_3\" class=\"tdc-row\"><div class=\"vc_row tdi_4  wpb_row td-pb-row\" >\n<style scoped>\n\/* custom css - generated by TagDiv Composer *\/\n\n\/* custom css - generated by TagDiv Composer *\/\n.tdi_4,\r\n                .tdi_4 .tdc-columns{\r\n                    min-height: 0;\r\n                }.tdi_4,\r\n\t\t\t\t.tdi_4 .tdc-columns{\r\n\t\t\t\t    display: block;\r\n\t\t\t\t}.tdi_4 .tdc-columns{\r\n\t\t\t\t    width: 100%;\r\n\t\t\t\t}.tdi_4:before,\r\n\t\t\t\t.tdi_4:after{\r\n\t\t\t\t    display: table;\r\n\t\t\t\t}\n<\/style><div class=\"vc_column tdi_6  wpb_column vc_column_container tdc-column td-pb-span12\">\n<style scoped>\n\/* custom css - generated by TagDiv Composer *\/\n\n\/* custom css - generated by TagDiv Composer *\/\n.tdi_6{\r\n                    vertical-align: baseline;\r\n                }.tdi_6 > .wpb_wrapper,\r\n\t\t\t\t.tdi_6 > .wpb_wrapper > .tdc-elements{\r\n\t\t\t\t    display: block;\r\n\t\t\t\t}.tdi_6 > .wpb_wrapper > .tdc-elements{\r\n\t\t\t\t    width: 100%;\r\n\t\t\t\t}.tdi_6 > .wpb_wrapper > .vc_row_inner{\r\n\t\t\t\t    width: auto;\r\n\t\t\t\t}.tdi_6 > .wpb_wrapper{\r\n\t\t\t\t    width: auto;\r\n\t\t\t\t    height: auto;\r\n\t\t\t\t}\n<\/style><div class=\"wpb_wrapper\" ><div class=\"td_block_wrap td_block_text_with_title tdi_7 tagdiv-type td-pb-border-top td_block_template_11\"  data-td-block-uid=\"tdi_7\" >\n<style>\n\/* custom css - generated by TagDiv Composer *\/\n.td_block_text_with_title{\r\n                  margin-bottom: 44px;\r\n                  -webkit-transform: translateZ(0);\r\n                  transform: translateZ(0);\r\n                }.td_block_text_with_title p:last-child{\r\n                  margin-bottom: 0;\r\n                }\n<\/style><div class=\"td-block-title-wrap\"><\/div><div class=\"td_mod_wrap td-fix-index\"><p>L&rsquo;une des missions de l&rsquo;Observatoire est d&rsquo;accompagner des porteurs de projets ayant un impact direct sur les Objectifs de d\u00e9veloppement et leur offrir un cadre propice \u00e0 leur r\u00e9alisation. N&rsquo;h\u00e9sitez pas \u00e0 nous contacter.<\/p>\n<\/div><\/div><div class=\"tdm_block td_block_wrap tdm_block_text_image tdi_8 td-animation-stack tdm-layout-12-12 tdm-content-horiz-left tdm-content-vert-center td-pb-border-top td_block_template_11\"  data-td-block-uid=\"tdi_8\" >\n<style>\n\/* custom css - generated by TagDiv Composer *\/\n.tdm_block_text_image .tdm-text-wrap{\r\n                  padding-top: 20px;\r\n                  padding-bottom: 20px;\r\n                }.tdm_block_text_image .tdm-descr{\r\n                  margin-bottom: 0;\r\n                }.tdm_block_text_image .tds-button{\r\n                  margin-top: 30px;\r\n                }@media (min-width: 767px) {\r\n                  .tdm_block_text_image.tdm-text-image-extend-img {\r\n                    margin-right: calc((-100vw + 100%) \/ 2);\r\n                  }\r\n                  .tdm_block_text_image.tdm-text-image-extend-img.tdm-flip-yes {\r\n                    margin-right: 0;\r\n                    margin-left: calc((-100vw + 100%) \/ 2);\r\n                  }\r\n                  .tdm_block_text_image.tdm-text-image-extend-img.tdm-flip-yes .tdm-col-img {\r\n                    text-align: right;\r\n                  }\r\n                }@media (max-width: 767px) {\r\n                  .tdm_block_text_image .tdm-col-img {\r\n                    margin-top: 36px;\r\n                  }\r\n                  .tdm_block_text_image.tdm-flip-yes .tdm-col-img {\r\n                    margin-top: 0;\r\n                    margin-bottom: 15px;\r\n                  }\r\n                }\n<\/style><div class=\"td-block-width tdm-fix-full\"><div class=\"td-block-row tdm-row\"><div class=\"td-block-span6 tdm-col\"><div class=\"tdm-text-wrap tdm-text-padding\"><div class=\"tds-title tds-title1 td-fix-index tdi_9 \"><h3 class=\"tdm-title tdm-title-md\">PositiveBlockchain.io<\/h3><\/div><p class=\"tdm-descr td-fix-index\">Participation active \u00e0 la collecte des projets blockchain \u00e0 impact positif  dans le monde. \nTask Force sur la nouvelle cat\u00e9gorisation de la base de donn\u00e9es. <\/p>\n<style>\n\/* custom css - generated by TagDiv Composer *\/\n.tdi_10 .tdm-btn-icon:last-child{\r\n\t\t\t\t\tmargin-left: 14px;\r\n\t\t\t\t}\n<\/style><div class=\"tds-button td-fix-index\"><a \r\n                href=\"https:\/\/positiveblockchain.io\" \r\n                 title=\"Voir le site\"\r\n                class=\"tds-button1 tdm-btn tdm-btn-lg tdi_10 \" ><span class=\"tdm-btn-text\">Voir le site<\/span><i class=\"tdm-btn-icon tdc-font-fa tdc-font-fa-chevron-right\"><\/i><\/a><\/div><\/div><\/div><div class=\"td-block-span6 tdm-col tdm-col-img\"><img fetchpriority=\"high\" class=\"tdm-image td-fix-index td-lazy-img\" data-type=\"image_tag\" data-img-url=\"https:\/\/theblockchainforgood.org\/wp-content\/uploads\/2021\/04\/pb-io-scaled.jpg\"  title=\"pb-io\" width=\"2560\" height=\"269\"><\/div><\/div><\/div><\/div><\/div><\/div><\/div><\/div><div id=\"tdi_11\" class=\"tdc-row\"><div class=\"vc_row tdi_12  wpb_row td-pb-row\" >\n<style scoped>\n\/* custom css - generated by TagDiv Composer *\/\n\n\/* custom css - generated by TagDiv Composer *\/\n.tdi_12,\r\n                .tdi_12 .tdc-columns{\r\n                    min-height: 0;\r\n                }.tdi_12,\r\n\t\t\t\t.tdi_12 .tdc-columns{\r\n\t\t\t\t    display: block;\r\n\t\t\t\t}.tdi_12 .tdc-columns{\r\n\t\t\t\t    width: 100%;\r\n\t\t\t\t}.tdi_12:before,\r\n\t\t\t\t.tdi_12:after{\r\n\t\t\t\t    display: table;\r\n\t\t\t\t}\n<\/style><div class=\"vc_column tdi_14  wpb_column vc_column_container tdc-column td-pb-span12\">\n<style scoped>\n\/* custom css - generated by TagDiv Composer *\/\n\n\/* custom css - generated by TagDiv Composer *\/\n.tdi_14{\r\n                    vertical-align: baseline;\r\n                }.tdi_14 > .wpb_wrapper,\r\n\t\t\t\t.tdi_14 > .wpb_wrapper > .tdc-elements{\r\n\t\t\t\t    display: block;\r\n\t\t\t\t}.tdi_14 > .wpb_wrapper > .tdc-elements{\r\n\t\t\t\t    width: 100%;\r\n\t\t\t\t}.tdi_14 > .wpb_wrapper > .vc_row_inner{\r\n\t\t\t\t    width: auto;\r\n\t\t\t\t}.tdi_14 > .wpb_wrapper{\r\n\t\t\t\t    width: auto;\r\n\t\t\t\t    height: auto;\r\n\t\t\t\t}\n<\/style><div class=\"wpb_wrapper\" ><div class=\"tdm_block td_block_wrap tdm_block_text_image tdi_15 td-animation-stack tdm-layout-12-12 tdm-content-horiz-left tdm-content-vert-center td-pb-border-top td_block_template_11\"  data-td-block-uid=\"tdi_15\" ><div class=\"td-block-width tdm-fix-full\"><div class=\"td-block-row tdm-row\"><div class=\"td-block-span6 tdm-col\"><div class=\"tdm-text-wrap tdm-text-padding\"><div class=\"tds-title tds-title1 td-fix-index tdi_16 \"><h3 class=\"tdm-title tdm-title-md\">GreenLions<\/h3><\/div><p class=\"tdm-descr td-fix-index\">Prototypage d'une plateforme de soutien \u00e0 l'entreprenariat en Afrique - Gestion d'une identit\u00e9 entreprenariale via une blockchain<\/p>\n<style>\n\/* custom css - generated by TagDiv Composer *\/\n.tdi_17 .tdm-btn-icon:last-child{\r\n\t\t\t\t\tmargin-left: 14px;\r\n\t\t\t\t}\n<\/style><div class=\"tds-button td-fix-index\"><a \r\n                href=\"http:\/\/greenlions.mystrikingly.com\/\" \r\n                 title=\"Voir le site\"\r\n                class=\"tds-button1 tdm-btn tdm-btn-lg tdi_17 \" ><span class=\"tdm-btn-text\">Voir le site<\/span><i class=\"tdm-btn-icon tdc-font-fa tdc-font-fa-chevron-right\"><\/i><\/a><\/div><\/div><\/div><div class=\"td-block-span6 tdm-col tdm-col-img\"><img class=\"tdm-image td-fix-index td-lazy-img\" data-type=\"image_tag\" data-img-url=\"https:\/\/theblockchainforgood.org\/wp-content\/uploads\/2020\/11\/GreenLions.png\"  title=\"GreenLions\" width=\"1444\" height=\"376\"><\/div><\/div><\/div><\/div><\/div><\/div><\/div><\/div><\/div><\/div>","protected":false},"excerpt":{"rendered":"","protected":false},"author":1,"featured_media":0,"parent":0,"menu_order":0,"comment_status":"closed","ping_status":"closed","template":"","meta":{"inline_featured_image":false,"episode_type":"","audio_file":"","podmotor_file_id":"","podmotor_episode_id":"","cover_image":"","cover_image_id":"","duration":"","filesize":"","filesize_raw":"","date_recorded":"","explicit":"","block":"","itunes_episode_number":"","itunes_title":"","itunes_season_number":"","itunes_episode_type":"","footnotes":""},"class_list":["post-1780","page","type-page","status-publish"],"yoast_head":"<!-- This site is optimized with the Yoast SEO plugin v27.4 - https:\/\/yoast.com\/product\/yoast-seo-wordpress\/ -->\n<title>Exp\u00e9riences - Blockchain for Good<\/title>\n<meta name=\"robots\" content=\"index, follow, max-snippet:-1, max-image-preview:large, max-video-preview:-1\" \/>\n<link rel=\"canonical\" href=\"https:\/\/theblockchainforgood.org\/index.php\/experiences-2\/\" \/>\n<meta property=\"og:locale\" content=\"fr_FR\" \/>\n<meta property=\"og:type\" content=\"article\" \/>\n<meta property=\"og:title\" content=\"Exp\u00e9riences - Blockchain for Good\" \/>\n<meta property=\"og:url\" content=\"https:\/\/theblockchainforgood.org\/index.php\/experiences-2\/\" \/>\n<meta property=\"og:site_name\" content=\"Blockchain for Good\" \/>\n<meta property=\"article:modified_time\" content=\"2021-06-16T10:31:50+00:00\" \/>\n<meta name=\"twitter:card\" content=\"summary_large_image\" \/>\n<meta name=\"twitter:site\" content=\"@Blockchain__X\" \/>\n<meta name=\"twitter:label1\" content=\"Dur\u00e9e de lecture estim\u00e9e\" \/>\n\t<meta name=\"twitter:data1\" content=\"1 minute\" \/>\n<script type=\"application\/ld+json\" class=\"yoast-schema-graph\">{\"@context\":\"https:\\\/\\\/schema.org\",\"@graph\":[{\"@type\":\"WebPage\",\"@id\":\"https:\\\/\\\/theblockchainforgood.org\\\/index.php\\\/experiences-2\\\/\",\"url\":\"https:\\\/\\\/theblockchainforgood.org\\\/index.php\\\/experiences-2\\\/\",\"name\":\"Exp\u00e9riences - Blockchain for Good\",\"isPartOf\":{\"@id\":\"https:\\\/\\\/theblockchainforgood.org\\\/#website\"},\"datePublished\":\"2020-11-05T12:58:02+00:00\",\"dateModified\":\"2021-06-16T10:31:50+00:00\",\"breadcrumb\":{\"@id\":\"https:\\\/\\\/theblockchainforgood.org\\\/index.php\\\/experiences-2\\\/#breadcrumb\"},\"inLanguage\":\"fr-FR\",\"potentialAction\":[{\"@type\":\"ReadAction\",\"target\":[\"https:\\\/\\\/theblockchainforgood.org\\\/index.php\\\/experiences-2\\\/\"]}]},{\"@type\":\"BreadcrumbList\",\"@id\":\"https:\\\/\\\/theblockchainforgood.org\\\/index.php\\\/experiences-2\\\/#breadcrumb\",\"itemListElement\":[{\"@type\":\"ListItem\",\"position\":1,\"name\":\"Accueil\",\"item\":\"https:\\\/\\\/theblockchainforgood.org\\\/\"},{\"@type\":\"ListItem\",\"position\":2,\"name\":\"Exp\u00e9riences\"}]},{\"@type\":\"WebSite\",\"@id\":\"https:\\\/\\\/theblockchainforgood.org\\\/#website\",\"url\":\"https:\\\/\\\/theblockchainforgood.org\\\/\",\"name\":\"Blockchain for Good\",\"description\":\"Blockchain &amp; d\u00e9veloppement durable\",\"publisher\":{\"@id\":\"https:\\\/\\\/theblockchainforgood.org\\\/#organization\"},\"potentialAction\":[{\"@type\":\"SearchAction\",\"target\":{\"@type\":\"EntryPoint\",\"urlTemplate\":\"https:\\\/\\\/theblockchainforgood.org\\\/?s={search_term_string}\"},\"query-input\":{\"@type\":\"PropertyValueSpecification\",\"valueRequired\":true,\"valueName\":\"search_term_string\"}}],\"inLanguage\":\"fr-FR\"},{\"@type\":\"Organization\",\"@id\":\"https:\\\/\\\/theblockchainforgood.org\\\/#organization\",\"name\":\"Observatoire des blockchains et du d\u00e9veloppement durable \\\/ Blockchains and Sustainable Development Observatory\",\"url\":\"https:\\\/\\\/theblockchainforgood.org\\\/\",\"logo\":{\"@type\":\"ImageObject\",\"inLanguage\":\"fr-FR\",\"@id\":\"https:\\\/\\\/theblockchainforgood.org\\\/#\\\/schema\\\/logo\\\/image\\\/\",\"url\":\"https:\\\/\\\/theblockchainforgood.org\\\/wp-content\\\/uploads\\\/2020\\\/11\\\/logo-obs-web-1.png\",\"contentUrl\":\"https:\\\/\\\/theblockchainforgood.org\\\/wp-content\\\/uploads\\\/2020\\\/11\\\/logo-obs-web-1.png\",\"width\":544,\"height\":197,\"caption\":\"Observatoire des blockchains et du d\u00e9veloppement durable \\\/ Blockchains and Sustainable Development Observatory\"},\"image\":{\"@id\":\"https:\\\/\\\/theblockchainforgood.org\\\/#\\\/schema\\\/logo\\\/image\\\/\"},\"sameAs\":[\"https:\\\/\\\/x.com\\\/Blockchain__X\"]}]}<\/script>\n<!-- \/ Yoast SEO plugin. -->","yoast_head_json":{"title":"Exp\u00e9riences - Blockchain for Good","robots":{"index":"index","follow":"follow","max-snippet":"max-snippet:-1","max-image-preview":"max-image-preview:large","max-video-preview":"max-video-preview:-1"},"canonical":"https:\/\/theblockchainforgood.org\/index.php\/experiences-2\/","og_locale":"fr_FR","og_type":"article","og_title":"Exp\u00e9riences - Blockchain for Good","og_url":"https:\/\/theblockchainforgood.org\/index.php\/experiences-2\/","og_site_name":"Blockchain for Good","article_modified_time":"2021-06-16T10:31:50+00:00","twitter_card":"summary_large_image","twitter_site":"@Blockchain__X","twitter_misc":{"Dur\u00e9e de lecture estim\u00e9e":"1 minute"},"schema":{"@context":"https:\/\/schema.org","@graph":[{"@type":"WebPage","@id":"https:\/\/theblockchainforgood.org\/index.php\/experiences-2\/","url":"https:\/\/theblockchainforgood.org\/index.php\/experiences-2\/","name":"Exp\u00e9riences - Blockchain for Good","isPartOf":{"@id":"https:\/\/theblockchainforgood.org\/#website"},"datePublished":"2020-11-05T12:58:02+00:00","dateModified":"2021-06-16T10:31:50+00:00","breadcrumb":{"@id":"https:\/\/theblockchainforgood.org\/index.php\/experiences-2\/#breadcrumb"},"inLanguage":"fr-FR","potentialAction":[{"@type":"ReadAction","target":["https:\/\/theblockchainforgood.org\/index.php\/experiences-2\/"]}]},{"@type":"BreadcrumbList","@id":"https:\/\/theblockchainforgood.org\/index.php\/experiences-2\/#breadcrumb","itemListElement":[{"@type":"ListItem","position":1,"name":"Accueil","item":"https:\/\/theblockchainforgood.org\/"},{"@type":"ListItem","position":2,"name":"Exp\u00e9riences"}]},{"@type":"WebSite","@id":"https:\/\/theblockchainforgood.org\/#website","url":"https:\/\/theblockchainforgood.org\/","name":"Blockchain for Good","description":"Blockchain &amp; d\u00e9veloppement durable","publisher":{"@id":"https:\/\/theblockchainforgood.org\/#organization"},"potentialAction":[{"@type":"SearchAction","target":{"@type":"EntryPoint","urlTemplate":"https:\/\/theblockchainforgood.org\/?s={search_term_string}"},"query-input":{"@type":"PropertyValueSpecification","valueRequired":true,"valueName":"search_term_string"}}],"inLanguage":"fr-FR"},{"@type":"Organization","@id":"https:\/\/theblockchainforgood.org\/#organization","name":"Observatoire des blockchains et du d\u00e9veloppement durable \/ Blockchains and Sustainable Development Observatory","url":"https:\/\/theblockchainforgood.org\/","logo":{"@type":"ImageObject","inLanguage":"fr-FR","@id":"https:\/\/theblockchainforgood.org\/#\/schema\/logo\/image\/","url":"https:\/\/theblockchainforgood.org\/wp-content\/uploads\/2020\/11\/logo-obs-web-1.png","contentUrl":"https:\/\/theblockchainforgood.org\/wp-content\/uploads\/2020\/11\/logo-obs-web-1.png","width":544,"height":197,"caption":"Observatoire des blockchains et du d\u00e9veloppement durable \/ Blockchains and Sustainable Development Observatory"},"image":{"@id":"https:\/\/theblockchainforgood.org\/#\/schema\/logo\/image\/"},"sameAs":["https:\/\/x.com\/Blockchain__X"]}]}},"_links":{"self":[{"href":"https:\/\/theblockchainforgood.org\/index.php\/wp-json\/wp\/v2\/pages\/1780","targetHints":{"allow":["GET"]}}],"collection":[{"href":"https:\/\/theblockchainforgood.org\/index.php\/wp-json\/wp\/v2\/pages"}],"about":[{"href":"https:\/\/theblockchainforgood.org\/index.php\/wp-json\/wp\/v2\/types\/page"}],"author":[{"embeddable":true,"href":"https:\/\/theblockchainforgood.org\/index.php\/wp-json\/wp\/v2\/users\/1"}],"replies":[{"embeddable":true,"href":"https:\/\/theblockchainforgood.org\/index.php\/wp-json\/wp\/v2\/comments?post=1780"}],"version-history":[{"count":7,"href":"https:\/\/theblockchainforgood.org\/index.php\/wp-json\/wp\/v2\/pages\/1780\/revisions"}],"predecessor-version":[{"id":2190,"href":"https:\/\/theblockchainforgood.org\/index.php\/wp-json\/wp\/v2\/pages\/1780\/revisions\/2190"}],"wp:attachment":[{"href":"https:\/\/theblockchainforgood.org\/index.php\/wp-json\/wp\/v2\/media?parent=1780"}],"curies":[{"name":"wp","href":"https:\/\/api.w.org\/{rel}","templated":true}]}}